{"id":4211,"date":"2024-04-29T15:03:07","date_gmt":"2024-04-29T15:03:07","guid":{"rendered":"https:\/\/all-motors.vovtest.isolly.com\/politica-de-privacidad\/"},"modified":"2026-02-12T10:13:36","modified_gmt":"2026-02-12T10:13:36","slug":"politica-de-privacidad","status":"publish","type":"page","link":"https:\/\/amed-us.com\/es\/politica-de-privacidad\/","title":{"rendered":"Pol\u00edtica de Privacidad"},"content":{"rendered":"\n<p><strong>Nombre de la empresa opera el sitio web Nombre del sitio web, que proporciona el SERVICIO.<\/strong><\/p>\n\n\n\n<p>Esta p\u00e1gina se utiliza para informar a los visitantes del sitio web sobre nuestras pol\u00edticas de recopilaci\u00f3n, uso y divulgaci\u00f3n de informaci\u00f3n personal si alguien decide utilizar nuestro Servicio, el sitio web Nombre del sitio web.<\/p>\n\n\n\n<p>Si decide utilizar nuestro Servicio, acepta la recopilaci\u00f3n y el uso de informaci\u00f3n en relaci\u00f3n con esta pol\u00edtica. La informaci\u00f3n personal que recopilamos se utiliza para proporcionar y mejorar el Servicio. No utilizaremos ni compartiremos su informaci\u00f3n con nadie, excepto como se describe en esta Pol\u00edtica de Privacidad.<\/p>\n\n\n\n<p>Los t\u00e9rminos utilizados en esta Pol\u00edtica de Privacidad tienen el mismo significado que en nuestros T\u00e9rminos y Condiciones, a los que se puede acceder en la URL del sitio web, a menos que se defina lo contrario en esta Pol\u00edtica de Privacidad.<\/p>\n\n\n\n<div id=\"ez-toc-container\" class=\"ez-toc-v2_0_82_2 counter-hierarchy ez-toc-counter ez-toc-grey ez-toc-container-direction\">\n<div class=\"ez-toc-title-container\">\n<p class=\"ez-toc-title\" style=\"cursor:inherit\">Table of Contents<\/p>\n<span class=\"ez-toc-title-toggle\"><a href=\"#\" class=\"ez-toc-pull-right ez-toc-btn ez-toc-btn-xs ez-toc-btn-default ez-toc-toggle\" aria-label=\"Alternar tabla de contenidos\"><span class=\"ez-toc-js-icon-con\"><span class=\"\"><span class=\"eztoc-hide\" style=\"display:none;\">Toggle<\/span><span class=\"ez-toc-icon-toggle-span\"><svg style=\"fill: #999;color:#999\" xmlns=\"http:\/\/www.w3.org\/2000\/svg\" class=\"list-377408\" width=\"20px\" height=\"20px\" viewBox=\"0 0 24 24\" fill=\"none\"><path d=\"M6 6H4v2h2V6zm14 0H8v2h12V6zM4 11h2v2H4v-2zm16 0H8v2h12v-2zM4 16h2v2H4v-2zm16 0H8v2h12v-2z\" fill=\"currentColor\"><\/path><\/svg><svg style=\"fill: #999;color:#999\" class=\"arrow-unsorted-368013\" xmlns=\"http:\/\/www.w3.org\/2000\/svg\" width=\"10px\" height=\"10px\" viewBox=\"0 0 24 24\" version=\"1.2\" baseProfile=\"tiny\"><path d=\"M18.2 9.3l-6.2-6.3-6.2 6.3c-.2.2-.3.4-.3.7s.1.5.3.7c.2.2.4.3.7.3h11c.3 0 .5-.1.7-.3.2-.2.3-.5.3-.7s-.1-.5-.3-.7zM5.8 14.7l6.2 6.3 6.2-6.3c.2-.2.3-.5.3-.7s-.1-.5-.3-.7c-.2-.2-.4-.3-.7-.3h-11c-.3 0-.5.1-.7.3-.2.2-.3.5-.3.7s.1.5.3.7z\"\/><\/svg><\/span><\/span><\/span><\/a><\/span><\/div>\n<nav><ul class='ez-toc-list ez-toc-list-level-1 ' ><li class='ez-toc-page-1 ez-toc-heading-level-3'><a class=\"ez-toc-link ez-toc-heading-1\" href=\"https:\/\/amed-us.com\/es\/politica-de-privacidad\/#Recopilacion_y_uso_de_informacion\" >Recopilaci\u00f3n y uso de informaci\u00f3n<\/a><\/li><li class='ez-toc-page-1 ez-toc-heading-level-3'><a class=\"ez-toc-link ez-toc-heading-2\" href=\"https:\/\/amed-us.com\/es\/politica-de-privacidad\/#Datos_de_registro\" >Datos de registro<\/a><\/li><li class='ez-toc-page-1 ez-toc-heading-level-3'><a class=\"ez-toc-link ez-toc-heading-3\" href=\"https:\/\/amed-us.com\/es\/politica-de-privacidad\/#Cookies\" >Cookies<\/a><\/li><li class='ez-toc-page-1 ez-toc-heading-level-3'><a class=\"ez-toc-link ez-toc-heading-4\" href=\"https:\/\/amed-us.com\/es\/politica-de-privacidad\/#Proveedores_de_Servicios\" >Proveedores de Servicios<\/a><\/li><\/ul><\/nav><\/div>\n<h3 class=\"wp-block-heading\"><span class=\"ez-toc-section\" id=\"Recopilacion_y_uso_de_informacion\"><\/span>Recopilaci\u00f3n y uso de informaci\u00f3n<span class=\"ez-toc-section-end\"><\/span><\/h3>\n\n\n\n<p>Para una mejor experiencia al utilizar nuestro Servicio, es posible que le solicitemos que nos proporcione cierta informaci\u00f3n personal identificable, incluyendo, entre otros, su nombre, n\u00famero de tel\u00e9fono y direcci\u00f3n postal. La informaci\u00f3n que recopilamos se utilizar\u00e1 para contactarle o identificarle.<\/p>\n\n\n\n<h3 class=\"wp-block-heading\"><span class=\"ez-toc-section\" id=\"Datos_de_registro\"><\/span>Datos de registro<span class=\"ez-toc-section-end\"><\/span><\/h3>\n\n\n\n<p>Le informamos que cada vez que visita nuestro Servicio, recopilamos informaci\u00f3n que su navegador nos env\u00eda, denominada Datos de registro. Estos Datos de Registro pueden incluir informaci\u00f3n como la direcci\u00f3n IP de su ordenador, la versi\u00f3n del navegador, las p\u00e1ginas de nuestro Servicio que visita, la hora y fecha de su visita, el tiempo que pasa en esas p\u00e1ginas y otras estad\u00edsticas.<\/p>\n\n\n\n<h3 class=\"wp-block-heading\"><span class=\"ez-toc-section\" id=\"Cookies\"><\/span>Cookies<span class=\"ez-toc-section-end\"><\/span><\/h3>\n\n\n\n<p>Las cookies son archivos con una peque\u00f1a cantidad de datos que se utilizan com\u00fanmente como identificador \u00fanico an\u00f3nimo. Se env\u00edan a su navegador desde el sitio web que visita y se almacenan en el disco duro de su ordenador.<\/p>\n\n\n\n<p>Nuestro sitio web utiliza estas \u00abcookies\u00bb para recopilar informaci\u00f3n y mejorar nuestro Servicio. Usted tiene la opci\u00f3n de aceptar o rechazar estas cookies y saber cu\u00e1ndo se env\u00eda una a su ordenador. Si decide rechazar nuestras cookies, es posible que no pueda utilizar algunas partes de nuestro Servicio.<\/p>\n\n\n\n<h3 class=\"wp-block-heading\"><span class=\"ez-toc-section\" id=\"Proveedores_de_Servicios\"><\/span>Proveedores de Servicios<span class=\"ez-toc-section-end\"><\/span><\/h3>\n\n\n\n<p>Podemos contratar a empresas y personas externas por las siguientes razones:<\/p>\n\n\n\n<ul class=\"wp-block-list\">\n<li>Para facilitar nuestro Servicio;<\/li>\n\n\n\n<li>Para prestar el Servicio en nuestro nombre;<\/li>\n\n\n\n<li>Para realizar servicios relacionados con el Servicio; o<\/li>\n\n\n\n<li>Para ayudarnos a analizar c\u00f3mo se utiliza nuestro Servicio.<\/li>\n<\/ul>\n","protected":false},"excerpt":{"rendered":"<p>Nombre de la empresa opera el sitio web Nombre del sitio web, que proporciona el SERVICIO. Esta p\u00e1gina se utiliza para informar a los visitantes del sitio web sobre nuestras pol\u00edticas de recopilaci\u00f3n, uso y divulgaci\u00f3n de informaci\u00f3n personal si alguien decide utilizar nuestro Servicio, el sitio web Nombre del sitio web. Si decide utilizar [&hellip;]<\/p>\n","protected":false},"author":1,"featured_media":0,"parent":0,"menu_order":0,"comment_status":"closed","ping_status":"open","template":"privacy_policy.php","meta":{"_acf_changed":false,"inline_featured_image":false,"footnotes":""},"class_list":["post-4211","page","type-page","status-publish","hentry"],"acf":[],"_links":{"self":[{"href":"https:\/\/amed-us.com\/es\/wp-json\/wp\/v2\/pages\/4211","targetHints":{"allow":["GET"]}}],"collection":[{"href":"https:\/\/amed-us.com\/es\/wp-json\/wp\/v2\/pages"}],"about":[{"href":"https:\/\/amed-us.com\/es\/wp-json\/wp\/v2\/types\/page"}],"author":[{"embeddable":true,"href":"https:\/\/amed-us.com\/es\/wp-json\/wp\/v2\/users\/1"}],"replies":[{"embeddable":true,"href":"https:\/\/amed-us.com\/es\/wp-json\/wp\/v2\/comments?post=4211"}],"version-history":[{"count":0,"href":"https:\/\/amed-us.com\/es\/wp-json\/wp\/v2\/pages\/4211\/revisions"}],"wp:attachment":[{"href":"https:\/\/amed-us.com\/es\/wp-json\/wp\/v2\/media?parent=4211"}],"curies":[{"name":"wp","href":"https:\/\/api.w.org\/{rel}","templated":true}]}}